{"id":650,"date":"2022-06-29T14:56:53","date_gmt":"2022-06-29T11:56:53","guid":{"rendered":"https:\/\/leselektro.lv\/?page_id=650"},"modified":"2025-06-08T20:50:39","modified_gmt":"2025-06-08T17:50:39","slug":"kontakti","status":"publish","type":"page","link":"https:\/\/leselektro.lv\/de\/kontakti\/","title":{"rendered":"Kontakt"},"content":{"rendered":"<div data-elementor-type=\"wp-page\" data-elementor-id=\"650\" class=\"elementor elementor-650\" data-elementor-post-type=\"page\">\n\t\t\t\t\t\t<section data-particle_enable=\"false\" data-particle-mobile-disabled=\"false\" class=\"elementor-section elementor-top-section elementor-element elementor-element-5366dc3 elementor-section-height-min-height elementor-section-content-middle elementor-section-full_width elementor-section-height-default elementor-section-items-middle\" data-id=\"5366dc3\" data-element_type=\"section\" data-settings=\"{&quot;background_background&quot;:&quot;classic&quot;}\">\n\t\t\t\t\t\t<div class=\"elementor-container elementor-column-gap-no\">\n\t\t\t\t\t<div class=\"elementor-column elementor-col-100 elementor-top-column elementor-element elementor-element-8563511\" data-id=\"8563511\" data-element_type=\"column\">\n\t\t\t<div class=\"elementor-widget-wrap elementor-element-populated\">\n\t\t\t\t\t\t<section data-particle_enable=\"false\" data-particle-mobile-disabled=\"false\" class=\"elementor-section elementor-inner-section elementor-element elementor-element-eed4439 elementor-section-boxed elementor-section-height-default elementor-section-height-default\" data-id=\"eed4439\" data-element_type=\"section\">\n\t\t\t\t\t\t<div class=\"elementor-container elementor-column-gap-no\">\n\t\t\t\t\t<div class=\"elementor-column elementor-col-100 elementor-inner-column elementor-element elementor-element-aadca30\" data-id=\"aadca30\" data-element_type=\"column\">\n\t\t\t<div class=\"elementor-widget-wrap elementor-element-populated\">\n\t\t\t\t\t\t<div class=\"elementor-element elementor-element-1e88919 elementor-widget elementor-widget-heading\" data-id=\"1e88919\" data-element_type=\"widget\" data-widget_type=\"heading.default\">\n\t\t\t\t<div class=\"elementor-widget-container\">\n\t\t\t\t\t<h2 class=\"elementor-heading-title elementor-size-default\">Kontaktiere uns<\/h2>\t\t\t\t<\/div>\n\t\t\t\t<\/div>\n\t\t\t\t\t<\/div>\n\t\t<\/div>\n\t\t\t\t\t<\/div>\n\t\t<\/section>\n\t\t\t\t\t<\/div>\n\t\t<\/div>\n\t\t\t\t\t<\/div>\n\t\t<\/section>\n\t\t\t\t<section data-particle_enable=\"false\" data-particle-mobile-disabled=\"false\" class=\"elementor-section elementor-top-section elementor-element elementor-element-5f31c897 elementor-section-content-middle elementor-section-boxed elementor-section-height-default elementor-section-height-default\" data-id=\"5f31c897\" data-element_type=\"section\" data-settings=\"{&quot;background_background&quot;:&quot;classic&quot;}\">\n\t\t\t\t\t\t<div class=\"elementor-container elementor-column-gap-no\">\n\t\t\t\t\t<div class=\"elementor-column elementor-col-100 elementor-top-column elementor-element elementor-element-52910760\" data-id=\"52910760\" data-element_type=\"column\">\n\t\t\t<div class=\"elementor-widget-wrap elementor-element-populated\">\n\t\t\t\t\t\t<section data-particle_enable=\"false\" data-particle-mobile-disabled=\"false\" class=\"elementor-section elementor-inner-section elementor-element elementor-element-7db1338e elementor-section-full_width elementor-section-height-min-height elementor-section-content-middle elementor-section-height-default\" data-id=\"7db1338e\" data-element_type=\"section\">\n\t\t\t\t\t\t<div class=\"elementor-container elementor-column-gap-custom\">\n\t\t\t\t\t<div class=\"elementor-column elementor-col-50 elementor-inner-column elementor-element elementor-element-41d898b8\" data-id=\"41d898b8\" data-element_type=\"column\" data-settings=\"{&quot;background_background&quot;:&quot;classic&quot;}\">\n\t\t\t<div class=\"elementor-widget-wrap elementor-element-populated\">\n\t\t\t\t\t\t<div class=\"elementor-element elementor-element-2c0a678b elementor-widget elementor-widget-heading\" data-id=\"2c0a678b\" data-element_type=\"widget\" data-widget_type=\"heading.default\">\n\t\t\t\t<div class=\"elementor-widget-container\">\n\t\t\t\t\t<h2 class=\"elementor-heading-title elementor-size-default\">M\u016bsu kontaktinform\u0101cija<\/h2>\t\t\t\t<\/div>\n\t\t\t\t<\/div>\n\t\t\t\t<div class=\"elementor-element elementor-element-18b8d1a elementor-widget elementor-widget-text-editor\" data-id=\"18b8d1a\" data-element_type=\"widget\" data-widget_type=\"text-editor.default\">\n\t\t\t\t<div class=\"elementor-widget-container\">\n\t\t\t\t\t\t\t\t\t<p>SIA Lielv\u0101rdes energo sist\u0113mas<br \/>Re\u0123istr\u0101cijas numurs: LV40203316935<\/p>\t\t\t\t\t\t\t\t<\/div>\n\t\t\t\t<\/div>\n\t\t\t\t<div class=\"elementor-element elementor-element-4057895b elementor-position-left elementor-vertical-align-middle elementor-mobile-position-left elementor-view-default elementor-widget elementor-widget-icon-box\" data-id=\"4057895b\" data-element_type=\"widget\" data-widget_type=\"icon-box.default\">\n\t\t\t\t<div class=\"elementor-widget-container\">\n\t\t\t\t\t\t\t<div class=\"elementor-icon-box-wrapper\">\n\n\t\t\t\t\t\t<div class=\"elementor-icon-box-icon\">\n\t\t\t\t<a href=\"tel: 37122040040\" class=\"elementor-icon\" tabindex=\"-1\" aria-label=\"Telefons\">\n\t\t\t\t<svg aria-hidden=\"true\" class=\"e-font-icon-svg e-fas-phone-alt\" viewbox=\"0 0 512 512\" xmlns=\"http:\/\/www.w3.org\/2000\/svg\"><path d=\"M497.39 361.8l-112-48a24 24 0 0 0-28 6.9l-49.6 60.6A370.66 370.66 0 0 1 130.6 204.11l60.6-49.6a23.94 23.94 0 0 0 6.9-28l-48-112A24.16 24.16 0 0 0 122.6.61l-104 24A24 24 0 0 0 0 48c0 256.5 207.9 464 464 464a24 24 0 0 0 23.4-18.6l24-104a24.29 24.29 0 0 0-14.01-27.6z\"><\/path><\/svg>\t\t\t\t<\/a>\n\t\t\t<\/div>\n\t\t\t\n\t\t\t\t\t\t<div class=\"elementor-icon-box-content\">\n\n\t\t\t\t\t\t\t\t\t<h3 class=\"elementor-icon-box-title\">\n\t\t\t\t\t\t<a href=\"tel: 37122040040\" >\n\t\t\t\t\t\t\tTelefons\t\t\t\t\t\t<\/a>\n\t\t\t\t\t<\/h3>\n\t\t\t\t\n\t\t\t\t\t\t\t\t\t<p class=\"elementor-icon-box-description\">\n\t\t\t\t\t\t+371 220 400 40<br \/>\n+371 220 404 02\t\t\t\t\t<\/p>\n\t\t\t\t\n\t\t\t<\/div>\n\t\t\t\n\t\t<\/div>\n\t\t\t\t\t\t<\/div>\n\t\t\t\t<\/div>\n\t\t\t\t<div class=\"elementor-element elementor-element-3bc27549 elementor-position-left elementor-vertical-align-middle elementor-view-default elementor-widget elementor-widget-icon-box\" data-id=\"3bc27549\" data-element_type=\"widget\" data-widget_type=\"icon-box.default\">\n\t\t\t\t<div class=\"elementor-widget-container\">\n\t\t\t\t\t\t\t<div class=\"elementor-icon-box-wrapper\">\n\n\t\t\t\t\t\t<div class=\"elementor-icon-box-icon\">\n\t\t\t\t<a href=\"https:\/\/www.google.com\/maps\/place\/56%C2%B041&#039;36.7%22N+24%C2%B053&#039;19.2%22E\/@56.6935211,24.8864835,17z\/data=!3m1!4b1!4m5!3m4!1s0x0:0x3f166df118570f52!8m2!3d56.6935182!4d24.8886722\" target=\"_blank\" class=\"elementor-icon\" tabindex=\"-1\" aria-label=\"Adrese\">\n\t\t\t\t<svg aria-hidden=\"true\" class=\"e-font-icon-svg e-fas-map-marker-alt\" viewbox=\"0 0 384 512\" xmlns=\"http:\/\/www.w3.org\/2000\/svg\"><path d=\"M172.268 501.67C26.97 291.031 0 269.413 0 192 0 85.961 85.961 0 192 0s192 85.961 192 192c0 77.413-26.97 99.031-172.268 309.67-9.535 13.774-29.93 13.773-39.464 0zM192 272c44.183 0 80-35.817 80-80s-35.817-80-80-80-80 35.817-80 80 35.817 80 80 80z\"><\/path><\/svg>\t\t\t\t<\/a>\n\t\t\t<\/div>\n\t\t\t\n\t\t\t\t\t\t<div class=\"elementor-icon-box-content\">\n\n\t\t\t\t\t\t\t\t\t<h3 class=\"elementor-icon-box-title\">\n\t\t\t\t\t\t<a href=\"https:\/\/www.google.com\/maps\/place\/56%C2%B041&#039;36.7%22N+24%C2%B053&#039;19.2%22E\/@56.6935211,24.8864835,17z\/data=!3m1!4b1!4m5!3m4!1s0x0:0x3f166df118570f52!8m2!3d56.6935182!4d24.8886722\" target=\"_blank\" >\n\t\t\t\t\t\t\tAdrese\t\t\t\t\t\t<\/a>\n\t\t\t\t\t<\/h3>\n\t\t\t\t\n\t\t\t\t\t\t\t\t\t<p class=\"elementor-icon-box-description\">\n\t\t\t\t\t\t\"Gri\u0137i\", Kaibala, Lielv\u0101rdes pagasts, Ogres novads, LV-5070\n\t\t\t\t\t<\/p>\n\t\t\t\t\n\t\t\t<\/div>\n\t\t\t\n\t\t<\/div>\n\t\t\t\t\t\t<\/div>\n\t\t\t\t<\/div>\n\t\t\t\t<div class=\"elementor-element elementor-element-6085fd72 elementor-position-left elementor-vertical-align-middle elementor-view-default elementor-widget elementor-widget-icon-box\" data-id=\"6085fd72\" data-element_type=\"widget\" data-widget_type=\"icon-box.default\">\n\t\t\t\t<div class=\"elementor-widget-container\">\n\t\t\t\t\t\t\t<div class=\"elementor-icon-box-wrapper\">\n\n\t\t\t\t\t\t<div class=\"elementor-icon-box-icon\">\n\t\t\t\t<a href=\"mailto:info@leselektro.lv\" class=\"elementor-icon\" tabindex=\"-1\" aria-label=\"E-Mail\">\n\t\t\t\t<svg aria-hidden=\"true\" class=\"e-font-icon-svg e-far-envelope\" viewbox=\"0 0 512 512\" xmlns=\"http:\/\/www.w3.org\/2000\/svg\"><path d=\"M464 64H48C21.49 64 0 85.49 0 112v288c0 26.51 21.49 48 48 48h416c26.51 0 48-21.49 48-48V112c0-26.51-21.49-48-48-48zm0 48v40.805c-22.422 18.259-58.168 46.651-134.587 106.49-16.841 13.247-50.201 45.072-73.413 44.701-23.208.375-56.579-31.459-73.413-44.701C106.18 199.465 70.425 171.067 48 152.805V112h416zM48 400V214.398c22.914 18.251 55.409 43.862 104.938 82.646 21.857 17.205 60.134 55.186 103.062 54.955 42.717.231 80.509-37.199 103.053-54.947 49.528-38.783 82.032-64.401 104.947-82.653V400H48z\"><\/path><\/svg>\t\t\t\t<\/a>\n\t\t\t<\/div>\n\t\t\t\n\t\t\t\t\t\t<div class=\"elementor-icon-box-content\">\n\n\t\t\t\t\t\t\t\t\t<h3 class=\"elementor-icon-box-title\">\n\t\t\t\t\t\t<a href=\"mailto:info@leselektro.lv\" >\n\t\t\t\t\t\t\tE-Mail\t\t\t\t\t\t<\/a>\n\t\t\t\t\t<\/h3>\n\t\t\t\t\n\t\t\t\t\t\t\t\t\t<p class=\"elementor-icon-box-description\">\n\t\t\t\t\t\tinfo@leselektro.lv\t\t\t\t\t<\/p>\n\t\t\t\t\n\t\t\t<\/div>\n\t\t\t\n\t\t<\/div>\n\t\t\t\t\t\t<\/div>\n\t\t\t\t<\/div>\n\t\t\t\t\t<\/div>\n\t\t<\/div>\n\t\t\t\t<div class=\"elementor-column elementor-col-50 elementor-inner-column elementor-element elementor-element-6d711b36\" data-id=\"6d711b36\" data-element_type=\"column\">\n\t\t\t<div class=\"elementor-widget-wrap elementor-element-populated\">\n\t\t\t\t\t\t<div class=\"elementor-element elementor-element-2e44ab7c elementor-widget elementor-widget-heading\" data-id=\"2e44ab7c\" data-element_type=\"widget\" data-widget_type=\"heading.default\">\n\t\t\t\t<div class=\"elementor-widget-container\">\n\t\t\t\t\t<h2 class=\"elementor-heading-title elementor-size-default\">Nos\u016bti mums zi\u0146u<\/h2>\t\t\t\t<\/div>\n\t\t\t\t<\/div>\n\t\t\t\t<div class=\"elementor-element elementor-element-847f8e5 elementor-button-align-start elementor-widget elementor-widget-global elementor-global-1608 elementor-widget-form\" data-id=\"847f8e5\" data-element_type=\"widget\" id=\"footerform\" data-settings=\"{&quot;step_next_label&quot;:&quot;Next&quot;,&quot;step_previous_label&quot;:&quot;Previous&quot;,&quot;button_width&quot;:&quot;100&quot;,&quot;step_type&quot;:&quot;number_text&quot;,&quot;step_icon_shape&quot;:&quot;circle&quot;}\" data-widget_type=\"form.default\">\n\t\t\t\t<div class=\"elementor-widget-container\">\n\t\t\t\t\t\t\t<form class=\"elementor-form\" method=\"post\" name=\"Footer\" action=\"\">\n\t\t\t<input type=\"hidden\" name=\"post_id\" value=\"650\"\/>\n\t\t\t<input type=\"hidden\" name=\"form_id\" value=\"847f8e5\"\/>\n\t\t\t<input type=\"hidden\" name=\"referer_title\" value=\"Lielv\u0101rdes Energo Sist\u0113mas\" \/>\n\n\t\t\t\n\t\t\t<div class=\"elementor-form-fields-wrapper elementor-labels-above\">\n\t\t\t\t\t\t\t\t<div class=\"elementor-field-type-text elementor-field-group elementor-column elementor-field-group-name elementor-col-50 elementor-field-required\">\n\t\t\t\t\t\t\t\t\t\t\t\t<label for=\"form-field-name\" class=\"elementor-field-label\">\n\t\t\t\t\t\t\t\tJ\u016bsu v\u0101rds\t\t\t\t\t\t\t<\/label>\n\t\t\t\t\t\t\t\t\t\t\t\t\t\t<input size=\"1\" type=\"text\" name=\"form_fields[name]\" id=\"form-field-name\" class=\"elementor-field elementor-size-xs  elementor-field-textual\" required=\"required\">\n\t\t\t\t\t\t\t\t\t\t\t<\/div>\n\t\t\t\t\t\t\t\t<div class=\"elementor-field-type-email elementor-field-group elementor-column elementor-field-group-email elementor-col-50 elementor-field-required\">\n\t\t\t\t\t\t\t\t\t\t\t\t<label for=\"form-field-email\" class=\"elementor-field-label\">\n\t\t\t\t\t\t\t\tE-pasta adrese\t\t\t\t\t\t\t<\/label>\n\t\t\t\t\t\t\t\t\t\t\t\t\t\t<input size=\"1\" type=\"email\" name=\"form_fields[email]\" id=\"form-field-email\" class=\"elementor-field elementor-size-xs  elementor-field-textual\" required=\"required\">\n\t\t\t\t\t\t\t\t\t\t\t<\/div>\n\t\t\t\t\t\t\t\t<div class=\"elementor-field-type-textarea elementor-field-group elementor-column elementor-field-group-message elementor-col-100 elementor-field-required\">\n\t\t\t\t\t\t\t\t\t\t\t\t<label for=\"form-field-message\" class=\"elementor-field-label\">\n\t\t\t\t\t\t\t\tZi\u0146a\t\t\t\t\t\t\t<\/label>\n\t\t\t\t\t\t<textarea class=\"elementor-field-textual elementor-field  elementor-size-xs\" name=\"form_fields[message]\" id=\"form-field-message\" rows=\"4\" placeholder=\"S\u0101ciet rakst\u012bt\" required=\"required\"><\/textarea>\t\t\t\t<\/div>\n\t\t\t\t\t\t\t\t<div class=\"elementor-field-type-recaptcha_v3 elementor-field-group elementor-column elementor-field-group-field_d4acf08 elementor-col-100 recaptcha_v3-bottomright\">\n\t\t\t\t\t<div class=\"elementor-field\" id=\"form-field-field_d4acf08\"><div class=\"elementor-g-recaptcha\" data-sitekey=\"6LcY4zUrAAAAAGNrFvL0ebGnllivivBbPLZllnZj\" data-type=\"v3\" data-action=\"Form\" data-badge=\"bottomright\" data-size=\"invisible\"><\/div><\/div>\t\t\t\t<\/div>\n\t\t\t\t\t\t\t\t<div class=\"elementor-field-group elementor-column elementor-field-type-submit elementor-col-100 e-form__buttons\">\n\t\t\t\t\t<button class=\"elementor-button elementor-size-sm\" type=\"submit\">\n\t\t\t\t\t\t<span class=\"elementor-button-content-wrapper\">\n\t\t\t\t\t\t\t\t\t\t\t\t\t\t\t<span class=\"elementor-button-icon\">\n\t\t\t\t\t\t\t\t\t<svg aria-hidden=\"true\" class=\"e-font-icon-svg e-fas-long-arrow-alt-right\" viewbox=\"0 0 448 512\" xmlns=\"http:\/\/www.w3.org\/2000\/svg\"><path d=\"M313.941 216H12c-6.627 0-12 5.373-12 12v56c0 6.627 5.373 12 12 12h301.941v46.059c0 21.382 25.851 32.09 40.971 16.971l86.059-86.059c9.373-9.373 9.373-24.569 0-33.941l-86.059-86.059c-15.119-15.119-40.971-4.411-40.971 16.971V216z\"><\/path><\/svg>\t\t\t\t\t\t\t\t\t\t\t\t\t\t\t\t\t<\/span>\n\t\t\t\t\t\t\t\t\t\t\t\t\t\t\t\t\t\t\t\t\t\t<span class=\"elementor-button-text\">Nachricht schicken<\/span>\n\t\t\t\t\t\t\t\t\t\t\t\t\t<\/span>\n\t\t\t\t\t<\/button>\n\t\t\t\t<\/div>\n\t\t\t<\/div>\n\t\t<input type=\"hidden\" name=\"trp-form-language\" value=\"de\"\/><\/form>\n\t\t\t\t\t\t<\/div>\n\t\t\t\t<\/div>\n\t\t\t\t\t<\/div>\n\t\t<\/div>\n\t\t\t\t\t<\/div>\n\t\t<\/section>\n\t\t\t\t\t<\/div>\n\t\t<\/div>\n\t\t\t\t\t<\/div>\n\t\t<\/section>\n\t\t\t\t<section data-particle_enable=\"false\" data-particle-mobile-disabled=\"false\" class=\"elementor-section elementor-top-section elementor-element elementor-element-3467ca3 elementor-section-full_width elementor-section-height-min-height elementor-section-height-default elementor-section-items-middle\" data-id=\"3467ca3\" data-element_type=\"section\">\n\t\t\t\t\t\t<div class=\"elementor-container elementor-column-gap-no\">\n\t\t\t\t\t<div class=\"elementor-column elementor-col-100 elementor-top-column elementor-element elementor-element-ebf21fd\" data-id=\"ebf21fd\" data-element_type=\"column\">\n\t\t\t<div class=\"elementor-widget-wrap elementor-element-populated\">\n\t\t\t\t\t\t<div class=\"elementor-element elementor-element-4ac68d1 elementor-widget elementor-widget-google_maps\" data-id=\"4ac68d1\" data-element_type=\"widget\" data-widget_type=\"google_maps.default\">\n\t\t\t\t<div class=\"elementor-widget-container\">\n\t\t\t\t\t\t\t<div class=\"elementor-custom-embed\">\n\t\t\t<iframe loading=\"lazy\"\n\t\t\t\t\tsrc=\"https:\/\/maps.google.com\/maps?q=56.69351817704166%2C%2024.888672199235835&#038;t=m&#038;z=13&#038;output=embed&#038;iwloc=near\"\n\t\t\t\t\ttitle=\"56.69351817704166, 24.888672199235835\"\n\t\t\t\t\taria-label=\"56.69351817704166, 24.888672199235835\"\n\t\t\t><\/iframe>\n\t\t<\/div>\n\t\t\t\t\t\t<\/div>\n\t\t\t\t<\/div>\n\t\t\t\t\t<\/div>\n\t\t<\/div>\n\t\t\t\t\t<\/div>\n\t\t<\/section>\n\t\t\t\t<\/div>","protected":false},"excerpt":{"rendered":"<p>Sazinies ar mums M\u016bsu kontaktinform\u0101cija SIA Lielv\u0101rdes energo sist\u0113masRe\u0123istr\u0101cijas numurs: LV40203316935 Telefons +371 220 400 40 +371 220 404 02 Adrese &#8220;Gri\u0137i&#8221;, Kaibala, Lielv\u0101rdes pagasts, Ogres novads, LV-5070 E-pasts info@leselektro.lv Nos\u016bti mums zi\u0146u<\/p>","protected":false},"author":1,"featured_media":1968,"parent":0,"menu_order":0,"comment_status":"closed","ping_status":"closed","template":"","meta":{"footnotes":""},"class_list":["post-650","page","type-page","status-publish","has-post-thumbnail","hentry"],"yoast_head":"<!-- This site is optimized with the Yoast SEO plugin v25.2 - https:\/\/yoast.com\/wordpress\/plugins\/seo\/ -->\n<title>Kontakti - Lielv\u0101rdes Energo Sist\u0113mas<\/title>\n<meta name=\"robots\" content=\"index, follow, max-snippet:-1, max-image-preview:large, max-video-preview:-1\" \/>\n<link rel=\"canonical\" href=\"https:\/\/leselektro.lv\/de\/kontakti\/\" \/>\n<meta property=\"og:locale\" content=\"de_DE\" \/>\n<meta property=\"og:type\" content=\"article\" \/>\n<meta property=\"og:title\" content=\"Kontakti - Lielv\u0101rdes Energo Sist\u0113mas\" \/>\n<meta property=\"og:description\" content=\"Sazinies ar mums M\u016bsu kontaktinform\u0101cija SIA Lielv\u0101rdes energo sist\u0113masRe\u0123istr\u0101cijas numurs: LV40203316935 Telefons +371 220 400 40 +371 220 404 02 Adrese &#8220;Gri\u0137i&#8221;, Kaibala, Lielv\u0101rdes pagasts, Ogres novads, LV-5070 E-pasts info@leselektro.lv Nos\u016bti mums zi\u0146u\" \/>\n<meta property=\"og:url\" content=\"https:\/\/leselektro.lv\/de\/kontakti\/\" \/>\n<meta property=\"og:site_name\" content=\"Lielv\u0101rdes Energo Sist\u0113mas\" \/>\n<meta property=\"article:modified_time\" content=\"2025-06-08T17:50:39+00:00\" \/>\n<meta property=\"og:image\" content=\"https:\/\/leselektro.lv\/wp-content\/uploads\/2022\/06\/logo-dark-v2.png\" \/>\n\t<meta property=\"og:image:width\" content=\"1758\" \/>\n\t<meta property=\"og:image:height\" content=\"339\" \/>\n\t<meta property=\"og:image:type\" content=\"image\/png\" \/>\n<meta name=\"twitter:card\" content=\"summary_large_image\" \/>\n<meta name=\"twitter:label1\" content=\"Gesch\u00e4tzte Lesezeit\" \/>\n\t<meta name=\"twitter:data1\" content=\"1\u00a0Minute\" \/>\n<script type=\"application\/ld+json\" class=\"yoast-schema-graph\">{\"@context\":\"https:\/\/schema.org\",\"@graph\":[{\"@type\":\"WebPage\",\"@id\":\"https:\/\/leselektro.lv\/kontakti\/\",\"url\":\"https:\/\/leselektro.lv\/kontakti\/\",\"name\":\"Kontakti - Lielv\u0101rdes Energo Sist\u0113mas\",\"isPartOf\":{\"@id\":\"https:\/\/leselektro.lv\/#website\"},\"primaryImageOfPage\":{\"@id\":\"https:\/\/leselektro.lv\/kontakti\/#primaryimage\"},\"image\":{\"@id\":\"https:\/\/leselektro.lv\/kontakti\/#primaryimage\"},\"thumbnailUrl\":\"https:\/\/leselektro.lv\/wp-content\/uploads\/2022\/06\/logo-dark-v2.png\",\"datePublished\":\"2022-06-29T11:56:53+00:00\",\"dateModified\":\"2025-06-08T17:50:39+00:00\",\"breadcrumb\":{\"@id\":\"https:\/\/leselektro.lv\/kontakti\/#breadcrumb\"},\"inLanguage\":\"de\",\"potentialAction\":[{\"@type\":\"ReadAction\",\"target\":[\"https:\/\/leselektro.lv\/kontakti\/\"]}]},{\"@type\":\"ImageObject\",\"inLanguage\":\"de\",\"@id\":\"https:\/\/leselektro.lv\/kontakti\/#primaryimage\",\"url\":\"https:\/\/leselektro.lv\/wp-content\/uploads\/2022\/06\/logo-dark-v2.png\",\"contentUrl\":\"https:\/\/leselektro.lv\/wp-content\/uploads\/2022\/06\/logo-dark-v2.png\",\"width\":1758,\"height\":339},{\"@type\":\"BreadcrumbList\",\"@id\":\"https:\/\/leselektro.lv\/kontakti\/#breadcrumb\",\"itemListElement\":[{\"@type\":\"ListItem\",\"position\":1,\"name\":\"Home\",\"item\":\"https:\/\/leselektro.lv\/\"},{\"@type\":\"ListItem\",\"position\":2,\"name\":\"Kontakti\"}]},{\"@type\":\"WebSite\",\"@id\":\"https:\/\/leselektro.lv\/#website\",\"url\":\"https:\/\/leselektro.lv\/\",\"name\":\"Lielv\u0101rdes Energo Sist\u0113mas\",\"description\":\"\",\"publisher\":{\"@id\":\"https:\/\/leselektro.lv\/#organization\"},\"potentialAction\":[{\"@type\":\"SearchAction\",\"target\":{\"@type\":\"EntryPoint\",\"urlTemplate\":\"https:\/\/leselektro.lv\/?s={search_term_string}\"},\"query-input\":{\"@type\":\"PropertyValueSpecification\",\"valueRequired\":true,\"valueName\":\"search_term_string\"}}],\"inLanguage\":\"de\"},{\"@type\":\"Organization\",\"@id\":\"https:\/\/leselektro.lv\/#organization\",\"name\":\"Lielv\u0101rdes Energo Sist\u0113mas\",\"url\":\"https:\/\/leselektro.lv\/\",\"logo\":{\"@type\":\"ImageObject\",\"inLanguage\":\"de\",\"@id\":\"https:\/\/leselektro.lv\/#\/schema\/logo\/image\/\",\"url\":\"https:\/\/leselektro.lv\/wp-content\/uploads\/2022\/06\/logo-dark-v2.png\",\"contentUrl\":\"https:\/\/leselektro.lv\/wp-content\/uploads\/2022\/06\/logo-dark-v2.png\",\"width\":1758,\"height\":339,\"caption\":\"Lielv\u0101rdes Energo Sist\u0113mas\"},\"image\":{\"@id\":\"https:\/\/leselektro.lv\/#\/schema\/logo\/image\/\"}}]}<\/script>\n<!-- \/ Yoast SEO plugin. -->","yoast_head_json":{"title":"Kontakti - Lielv\u0101rdes Energo Sist\u0113mas","robots":{"index":"index","follow":"follow","max-snippet":"max-snippet:-1","max-image-preview":"max-image-preview:large","max-video-preview":"max-video-preview:-1"},"canonical":"https:\/\/leselektro.lv\/de\/kontakti\/","og_locale":"de_DE","og_type":"article","og_title":"Kontakti - Lielv\u0101rdes Energo Sist\u0113mas","og_description":"Sazinies ar mums M\u016bsu kontaktinform\u0101cija SIA Lielv\u0101rdes energo sist\u0113masRe\u0123istr\u0101cijas numurs: LV40203316935 Telefons +371 220 400 40 +371 220 404 02 Adrese &#8220;Gri\u0137i&#8221;, Kaibala, Lielv\u0101rdes pagasts, Ogres novads, LV-5070 E-pasts info@leselektro.lv Nos\u016bti mums zi\u0146u","og_url":"https:\/\/leselektro.lv\/de\/kontakti\/","og_site_name":"Lielv\u0101rdes Energo Sist\u0113mas","article_modified_time":"2025-06-08T17:50:39+00:00","og_image":[{"width":1758,"height":339,"url":"https:\/\/leselektro.lv\/wp-content\/uploads\/2022\/06\/logo-dark-v2.png","type":"image\/png"}],"twitter_card":"summary_large_image","twitter_misc":{"Gesch\u00e4tzte Lesezeit":"1\u00a0Minute"},"schema":{"@context":"https:\/\/schema.org","@graph":[{"@type":"WebPage","@id":"https:\/\/leselektro.lv\/kontakti\/","url":"https:\/\/leselektro.lv\/kontakti\/","name":"Kontakti - Lielv\u0101rdes Energo Sist\u0113mas","isPartOf":{"@id":"https:\/\/leselektro.lv\/#website"},"primaryImageOfPage":{"@id":"https:\/\/leselektro.lv\/kontakti\/#primaryimage"},"image":{"@id":"https:\/\/leselektro.lv\/kontakti\/#primaryimage"},"thumbnailUrl":"https:\/\/leselektro.lv\/wp-content\/uploads\/2022\/06\/logo-dark-v2.png","datePublished":"2022-06-29T11:56:53+00:00","dateModified":"2025-06-08T17:50:39+00:00","breadcrumb":{"@id":"https:\/\/leselektro.lv\/kontakti\/#breadcrumb"},"inLanguage":"de","potentialAction":[{"@type":"ReadAction","target":["https:\/\/leselektro.lv\/kontakti\/"]}]},{"@type":"ImageObject","inLanguage":"de","@id":"https:\/\/leselektro.lv\/kontakti\/#primaryimage","url":"https:\/\/leselektro.lv\/wp-content\/uploads\/2022\/06\/logo-dark-v2.png","contentUrl":"https:\/\/leselektro.lv\/wp-content\/uploads\/2022\/06\/logo-dark-v2.png","width":1758,"height":339},{"@type":"BreadcrumbList","@id":"https:\/\/leselektro.lv\/kontakti\/#breadcrumb","itemListElement":[{"@type":"ListItem","position":1,"name":"Home","item":"https:\/\/leselektro.lv\/"},{"@type":"ListItem","position":2,"name":"Kontakti"}]},{"@type":"WebSite","@id":"https:\/\/leselektro.lv\/#website","url":"https:\/\/leselektro.lv\/","name":"Lielv\u0101rdes Energo Sist\u0113mas","description":"","publisher":{"@id":"https:\/\/leselektro.lv\/#organization"},"potentialAction":[{"@type":"SearchAction","target":{"@type":"EntryPoint","urlTemplate":"https:\/\/leselektro.lv\/?s={search_term_string}"},"query-input":{"@type":"PropertyValueSpecification","valueRequired":true,"valueName":"search_term_string"}}],"inLanguage":"de"},{"@type":"Organization","@id":"https:\/\/leselektro.lv\/#organization","name":"Lielv\u0101rdes Energo Sist\u0113mas","url":"https:\/\/leselektro.lv\/","logo":{"@type":"ImageObject","inLanguage":"de","@id":"https:\/\/leselektro.lv\/#\/schema\/logo\/image\/","url":"https:\/\/leselektro.lv\/wp-content\/uploads\/2022\/06\/logo-dark-v2.png","contentUrl":"https:\/\/leselektro.lv\/wp-content\/uploads\/2022\/06\/logo-dark-v2.png","width":1758,"height":339,"caption":"Lielv\u0101rdes Energo Sist\u0113mas"},"image":{"@id":"https:\/\/leselektro.lv\/#\/schema\/logo\/image\/"}}]}},"_links":{"self":[{"href":"https:\/\/leselektro.lv\/de\/wp-json\/wp\/v2\/pages\/650","targetHints":{"allow":["GET"]}}],"collection":[{"href":"https:\/\/leselektro.lv\/de\/wp-json\/wp\/v2\/pages"}],"about":[{"href":"https:\/\/leselektro.lv\/de\/wp-json\/wp\/v2\/types\/page"}],"author":[{"embeddable":true,"href":"https:\/\/leselektro.lv\/de\/wp-json\/wp\/v2\/users\/1"}],"replies":[{"embeddable":true,"href":"https:\/\/leselektro.lv\/de\/wp-json\/wp\/v2\/comments?post=650"}],"version-history":[{"count":229,"href":"https:\/\/leselektro.lv\/de\/wp-json\/wp\/v2\/pages\/650\/revisions"}],"predecessor-version":[{"id":2368,"href":"https:\/\/leselektro.lv\/de\/wp-json\/wp\/v2\/pages\/650\/revisions\/2368"}],"wp:featuredmedia":[{"embeddable":true,"href":"https:\/\/leselektro.lv\/de\/wp-json\/wp\/v2\/media\/1968"}],"wp:attachment":[{"href":"https:\/\/leselektro.lv\/de\/wp-json\/wp\/v2\/media?parent=650"}],"curies":[{"name":"wp","href":"https:\/\/api.w.org\/{rel}","templated":true}]}}