{"id":1069,"date":"2022-07-05T16:35:12","date_gmt":"2022-07-05T13:35:12","guid":{"rendered":"https:\/\/leselektro.lv\/?page_id=1069"},"modified":"2023-02-10T19:15:02","modified_gmt":"2023-02-10T17:15:02","slug":"privatuma-politika","status":"publish","type":"page","link":"https:\/\/leselektro.lv\/en\/privatuma-politika\/","title":{"rendered":"Privacy Policy"},"content":{"rendered":"<div data-elementor-type=\"wp-page\" data-elementor-id=\"1069\" class=\"elementor elementor-1069\" data-elementor-post-type=\"page\">\n\t\t\t\t\t\t<section data-particle_enable=\"false\" data-particle-mobile-disabled=\"false\" class=\"elementor-section elementor-top-section elementor-element elementor-element-1bce2f24 elementor-section-content-middle elementor-section-boxed elementor-section-height-default elementor-section-height-default\" data-id=\"1bce2f24\" data-element_type=\"section\" data-settings=\"{&quot;background_background&quot;:&quot;classic&quot;}\">\n\t\t\t\t\t\t<div class=\"elementor-container elementor-column-gap-no\">\n\t\t\t\t\t<div class=\"elementor-column elementor-col-50 elementor-top-column elementor-element elementor-element-741ce6d3\" data-id=\"741ce6d3\" data-element_type=\"column\">\n\t\t\t<div class=\"elementor-widget-wrap elementor-element-populated\">\n\t\t\t\t\t\t<div class=\"elementor-element elementor-element-3ae3906d elementor-widget elementor-widget-heading\" data-id=\"3ae3906d\" data-element_type=\"widget\" data-widget_type=\"heading.default\">\n\t\t\t\t<div class=\"elementor-widget-container\">\n\t\t\t\t\t<h2 class=\"elementor-heading-title elementor-size-default\">Privacy Policy<\/h2>\t\t\t\t<\/div>\n\t\t\t\t<\/div>\n\t\t\t\t\t<\/div>\n\t\t<\/div>\n\t\t\t\t<div class=\"elementor-column elementor-col-50 elementor-top-column elementor-element elementor-element-4fb7332b\" data-id=\"4fb7332b\" data-element_type=\"column\">\n\t\t\t<div class=\"elementor-widget-wrap\">\n\t\t\t\t\t\t\t<\/div>\n\t\t<\/div>\n\t\t\t\t\t<\/div>\n\t\t<\/section>\n\t\t\t\t<section data-particle_enable=\"false\" data-particle-mobile-disabled=\"false\" class=\"elementor-section elementor-top-section elementor-element elementor-element-30085cc elementor-section-height-min-height elementor-section-items-top elementor-section-boxed elementor-section-height-default\" data-id=\"30085cc\" data-element_type=\"section\">\n\t\t\t\t\t\t<div class=\"elementor-container elementor-column-gap-no\">\n\t\t\t\t\t<div class=\"elementor-column elementor-col-100 elementor-top-column elementor-element elementor-element-0536f74\" data-id=\"0536f74\" data-element_type=\"column\">\n\t\t\t<div class=\"elementor-widget-wrap elementor-element-populated\">\n\t\t\t\t\t\t<section data-particle_enable=\"false\" data-particle-mobile-disabled=\"false\" class=\"elementor-section elementor-inner-section elementor-element elementor-element-c442bab elementor-section-content-middle elementor-section-boxed elementor-section-height-default elementor-section-height-default\" data-id=\"c442bab\" data-element_type=\"section\">\n\t\t\t\t\t\t<div class=\"elementor-container elementor-column-gap-no\">\n\t\t\t\t\t<div class=\"elementor-column elementor-col-100 elementor-inner-column elementor-element elementor-element-1647500\" data-id=\"1647500\" data-element_type=\"column\">\n\t\t\t<div class=\"elementor-widget-wrap elementor-element-populated\">\n\t\t\t\t\t\t<div class=\"elementor-element elementor-element-0b7c7d5 elementor-widget elementor-widget-text-editor\" data-id=\"0b7c7d5\" data-element_type=\"widget\" data-widget_type=\"text-editor.default\">\n\t\t\t\t<div class=\"elementor-widget-container\">\n\t\t\t\t\t\t\t\t\t<p>1.Priv\u0101tuma politika ir LIELV\u0100RDES ENERGO SIST\u0112MAS, SIA visp\u0101r\u0113j\u0101s Priv\u0101tuma politikas noteikumi, kas izstr\u0101d\u0101ti ar m\u0113r\u0137i sniegt inform\u0101ciju par LIELV\u0100RDES ENERGO SIST\u0112MAS, SIA veikt\u0101s klientu un sadarb\u012bbas\u00a0partneru personas datu apstr\u0101des nol\u016bkiem, tiesisko pamatu, apjomu, aizsardz\u012bbu, apstr\u0101des un glab\u0101\u0161anas termi\u0146u, personas datu ieguves avotiem, personas datu sa\u0146\u0113m\u0113jiem, k\u0101 ar\u012b Datu subjekta ties\u012bb\u0101m personas datu ieg\u016b\u0161anas un apstr\u0101des laik\u0101.<br \/>1.1. Priv\u0101tuma Pazi\u0146ojum\u0101 (turpm\u0101k \u2013 Pazi\u0146ojum\u0101) ir aprakst\u012bts un tiek sniegta inform\u0101cija fiziskaj\u0101m identific\u0113jam\u0101m person\u0101m (turpm\u0101k \u2013 Datu subjekts) k\u0101 P\u0101rzinis apstr\u0101d\u0101 Datu subjekta personas datus, ja tie ir izl\u0113mu\u0161i apmekl\u0113t P\u0101rzi\u0146a uztur\u0113to m\u0101jas lapu www.leselektro.lv, sazin\u0101ties ar P\u0101rzini, izmantojot nor\u0101d\u012btos t\u0101lru\u0146us vai citas tie\u0161saistes formas (e-pasts, t\u0101lr.) vai ir apmekl\u0113ju\u0161i P\u0101rzi\u0146a telpas.<br \/>1.2. \u0160aj\u0101 Pazi\u0146ojum\u0101 P\u0101rzinis ir aprakst\u012bjis pas\u0101kumus, lai nodro\u0161in\u0101tu, ka tiek aizsarg\u0101tas datu subjekta intereses un br\u012bv\u012bbas, vienlaic\u012bgi nodro\u0161inot, ka to dati tiek apstr\u0101d\u0101ti godpr\u0101t\u012bgi, likum\u012bgi un datu subjektam p\u0101rredzam\u0101 veid\u0101.<br \/>1.3. Pazi\u0146ojums ir attiecin\u0101ms uz fizisko personu datu apstr\u0101di neatkar\u012bgi no t\u0101, k\u0101d\u0101 form\u0101 un\/vai vid\u0113 fizisk\u0101 persona sniedz personas datus (ien\u0101kot teritorij\u0101 un\/vai telp\u0101s, telefoniski, mutv\u0101rdos, u.tml.) un k\u0101d\u0101s P\u0101rzi\u0146a sist\u0113m\u0101s (video, audio, web u.tml.) tie tiek apstr\u0101d\u0101ti.<\/p><p><br \/>2. LIELV\u0100RDES ENERGO SIST\u0112MAS, SIA personas datu apstr\u0101dei piem\u0113rojamie ties\u012bbu akti:<br \/>2.1. Eiropas Parlamenta un Padomes 2016. gada 27. apr\u012b\u013ca Regula (ES) 2016\/679 par fizisku personu aizsardz\u012bbu attiec\u012bb\u0101 uz personas datu apstr\u0101di un \u0161\u0101du datu br\u012bvu apriti un ar ko atce\u013c Direkt\u012bvu 95\/46\/EK (Visp\u0101r\u012bg\u0101 datu aizsardz\u012bbas regula) (turpm\u0101k \u2013 VDAR)<br \/>2.1.1. Latvijas Republikas Civillikums;<br \/>2.1.2. Latvijas Republikas Komerclikums;<br \/>2.1.3.Latvijas Republikas likums \u201cPar gr\u0101matved\u012bbu\u201d;<br \/>2.1.4.Latvijas Republikas likums \u201cPar nodok\u013ciem un nodev\u0101m\u201d;<br \/>2.1.5.Latvijas Republikas Ministru kabineta 21.10.2003. noteikumi Nr. 585 \u201cNoteikumi par gr\u0101matved\u012bbas k\u0101rto\u0161anu un organiz\u0101ciju\u201d.<\/p><p><br \/>3. Inform\u0101cija par p\u0101rzini<br \/>3.1.P\u0101rzinis ir LIELV\u0100RDES ENERGO SIST\u0112MAS, SIA: sabiedr\u012bba ar ierobe\u017eotu atbild\u012bbu LIELV\u0100RDES ENERGO SIST\u0112MAS, vienot\u0101s re\u0123istr\u0101cijas Nr. 40203316935, juridisk\u0101 adrese: Gri\u0137i, Kaibala, Lielv\u0101rdes pag., Ogres nov., Latvija, LV-5070, elektronisk\u0101 pasta adrese: info@leselektro.lv<br \/>3.2.Jaut\u0101jumos, kas saist\u012bti ar LIELV\u0100RDES ENERGO SIST\u0112MAS, SIA veikto Personas datu apstr\u0101di, v\u0113rsties pie LIELV\u0100RDES ENERGO SIST\u0112MAS, SIA atbild\u012bg\u0101s personas personas datu apstr\u0101des jaut\u0101jumos izmantojot elektronisko pasta adresi: info@leselektro.lv. Izmantojot \u0161o kontaktinform\u0101ciju, datu subjekts var iesniegt piepras\u012bjumu par savu ties\u012bbu \u012bsteno\u0161anu.\u00a0<\/p><p><br \/>4. Personas datu apstr\u0101des m\u0113r\u0137i un tiesiskais pamats<br \/>LIELV\u0100RDES ENERGO SIST\u0112MAS, SIA var izmantot ieg\u016btos personas datus, lai<br \/>sniegtu jums j\u016bsu piepras\u012btos pakalpojumus un inform\u0101ciju,<br \/>apstr\u0101d\u0101tu j\u016bsu pas\u016bt\u012bjumus un noform\u0113tu nepiecie\u0161amos dokumentus,<br \/>sniegtu jums efekt\u012bvu klientu atbalstu,<br \/>pal\u012bdz\u0113tu nov\u0113rst apdraud\u0113jumu vai kr\u0101pnieciskas darb\u012bbas,<br \/>nos\u016bt\u012btu jums informat\u012bvus zi\u0146ojumus, ja esat nep\u0101rprotami piekritu\u0161i t\u0101dus sa\u0146emt,<br \/>iev\u0113rotu normat\u012bvo aktu pras\u012bbas.<br \/>LIELV\u0100RDES ENERGO SIST\u0112MAS, SIA varam nodot j\u016bsu inform\u0101ciju tre\u0161aj\u0101m person\u0101m, lai iev\u0113rotu normat\u012bvo aktu pras\u012bbas, sadarbotos ar uzraudz\u012bbas iest\u0101d\u0113m, pal\u012bdz\u0113tu nov\u0113rstu noziedz\u012bgas darb\u012bbas un aizsarg\u0101tu m\u016bsu, j\u016bsu un citu personu likum\u012bg\u0101s ties\u012bbas.\u00a0<\/p><p><br \/>5. Datu subjekta ties\u012bbas un piek\u013cuve saviem personas datiem<br \/>5.1. Jums ir ties\u012bbas piepras\u012bt piek\u013cuvi saviem personas datiem sazinoties ar p\u0101rzini, izmantojot 2.2. punkt\u0101 nor\u0101d\u012bto kontaktinform\u0101ciju, k\u0101 ar\u012b piepras\u012bt to labo\u0161anu, dz\u0113\u0161anu vai apstr\u0101des ierobe\u017eo\u0161anu, k\u0101 ar\u012b ties\u012bbas iebilst pret savu personas datu turpm\u0101ku apstr\u0101di un ties\u012bbas uz datu p\u0101rnesam\u012bbu. J\u016bs varat jebkur\u0101 laik\u0101 atsaukt savu piekri\u0161anu un iesniegt s\u016bdz\u012bbu p\u0101rzinim vai personas datu apstr\u0101des un aizsardz\u012bbas uzraudz\u012bbas iest\u0101dei, kas attiec\u012bgaj\u0101 situ\u0101cij\u0101 ir Latvijas Republikas Datu valsts inspekcija (adrese: Blauma\u0146a iela 11\/13-11, R\u012bga, LV-1011, Latvija, elektronisk\u0101 pasta adrese: info@dvi.gov.lv).\u00a0<\/p><p><br \/>6. \u0145emot v\u0113r\u0101 apstr\u0101des raksturu, apm\u0113ru, kontekstu un nol\u016bkus, k\u0101 ar\u012b da\u017e\u0101das iesp\u0113jam\u012bbas un nopietn\u012bbas pak\u0101pes riskus attiec\u012bb\u0101 uz fizisku personu ties\u012bb\u0101m un br\u012bv\u012bb\u0101m, kurus rada apstr\u0101de, LIELV\u0100RDES ENERGO SIST\u0112MAS, SIA gan apstr\u0101des l\u012bdzek\u013cu noteik\u0161an\u0101, gan pa\u0161as apstr\u0101des laik\u0101 \u012bsteno atbilsto\u0161us tehniskus un organizatoriskus pas\u0101kumus, kas ir paredz\u0113ti, lai efekt\u012bvi \u012bstenotu datu aizsardz\u012bbas principus, piem\u0113ram, datu minimiz\u0113\u0161anu, un lai apstr\u0101d\u0113 integr\u0113tu vajadz\u012bg\u0101s garantijas nol\u016bk\u0101 izpild\u012bt likuma pras\u012bbas un aizsarg\u0101t datu subjektu ties\u012bbas.<\/p><p><br \/>7. LIELV\u0100RDES ENERGO SIST\u0112MAS, SIA \u012bsteno atbilsto\u0161us tehniskus un organizatoriskus pas\u0101kumus, lai nodro\u0161in\u0101tu, ka p\u0113c noklus\u0113juma tiek apstr\u0101d\u0101ti tikai t\u0101di personas dati, kas ir nepiecie\u0161ami konkr\u0113tajam apstr\u0101des nol\u016bkam. Min\u0113tais pien\u0101kums attiecas uz personas datu apjomu, to apstr\u0101des pak\u0101pi, glab\u0101\u0161anas ilgumu un to pieejam\u012bbu. Ar \u0161\u0101diem pas\u0101kumiem nodro\u0161in\u0101m, ka p\u0113c noklus\u0113juma personas datus bez personas l\u012bdzdal\u012bbas vai likumos nenoteiktos gad\u012bjumos nedara pieejamus tre\u0161aj\u0101m person\u0101m.<\/p><p><br \/>8. Dodot savu piekri\u0161anu, datu subjektu personas dati tiks apstr\u0101d\u0101ti l\u012bdz piekri\u0161anas atsauk\u0161anai, vienlaic\u012bgi LIELV\u0100RDES ENERGO SIST\u0112MAS, SIA saglab\u0101 ties\u012bbas jebkur\u0101 mirkl\u012b dz\u0113st datus, ja t\u0101s ieskat\u0101 nav iesp\u0113jams sasniegt datu apstr\u0101des m\u0113r\u0137i un attiec\u012bgie dati nav nepiecie\u0161ami cita nol\u016bka sasnieg\u0161anai, kur t\u0101 sasnieg\u0161anai ir cits tiesiskais pamats. \u0160aj\u0101 gad\u012bjum\u0101 J\u016bs k\u0101 datu subjekts tiksiet par to inform\u0113ts atsevi\u0161\u0137i, izmantojot J\u016bsu nor\u0101d\u012bto kontaktinform\u0101ciju.<\/p>\t\t\t\t\t\t\t\t<\/div>\n\t\t\t\t<\/div>\n\t\t\t\t\t<\/div>\n\t\t<\/div>\n\t\t\t\t\t<\/div>\n\t\t<\/section>\n\t\t\t\t\t<\/div>\n\t\t<\/div>\n\t\t\t\t\t<\/div>\n\t\t<\/section>\n\t\t\t\t<\/div>","protected":false},"excerpt":{"rendered":"<p>Priv\u0101tuma politika 1.Priv\u0101tuma politika ir LIELV\u0100RDES ENERGO SIST\u0112MAS, SIA visp\u0101r\u0113j\u0101s Priv\u0101tuma politikas noteikumi, kas izstr\u0101d\u0101ti ar m\u0113r\u0137i sniegt inform\u0101ciju par LIELV\u0100RDES ENERGO SIST\u0112MAS, SIA veikt\u0101s klientu un sadarb\u012bbas&nbsp;partneru personas datu apstr\u0101des nol\u016bkiem, tiesisko pamatu, apjomu, aizsardz\u012bbu, apstr\u0101des un glab\u0101\u0161anas termi\u0146u, personas datu ieguves avotiem, personas datu sa\u0146\u0113m\u0113jiem, k\u0101 ar\u012b Datu subjekta ties\u012bb\u0101m personas datu ieg\u016b\u0161anas [&hellip;]<\/p>","protected":false},"author":1,"featured_media":1968,"parent":0,"menu_order":0,"comment_status":"closed","ping_status":"closed","template":"","meta":{"footnotes":""},"class_list":["post-1069","page","type-page","status-publish","has-post-thumbnail","hentry"],"yoast_head":"<!-- This site is optimized with the Yoast SEO plugin v25.2 - https:\/\/yoast.com\/wordpress\/plugins\/seo\/ -->\n<title>Priv\u0101tuma politika - Lielv\u0101rdes Energo Sist\u0113mas<\/title>\n<meta name=\"robots\" content=\"index, follow, max-snippet:-1, max-image-preview:large, max-video-preview:-1\" \/>\n<link rel=\"canonical\" href=\"https:\/\/leselektro.lv\/en\/privatuma-politika\/\" \/>\n<meta property=\"og:locale\" content=\"en_US\" \/>\n<meta property=\"og:type\" content=\"article\" \/>\n<meta property=\"og:title\" content=\"Priv\u0101tuma politika - Lielv\u0101rdes Energo Sist\u0113mas\" \/>\n<meta property=\"og:description\" content=\"Priv\u0101tuma politika 1.Priv\u0101tuma politika ir LIELV\u0100RDES ENERGO SIST\u0112MAS, SIA visp\u0101r\u0113j\u0101s Priv\u0101tuma politikas noteikumi, kas izstr\u0101d\u0101ti ar m\u0113r\u0137i sniegt inform\u0101ciju par LIELV\u0100RDES ENERGO SIST\u0112MAS, SIA veikt\u0101s klientu un sadarb\u012bbas&nbsp;partneru personas datu apstr\u0101des nol\u016bkiem, tiesisko pamatu, apjomu, aizsardz\u012bbu, apstr\u0101des un glab\u0101\u0161anas termi\u0146u, personas datu ieguves avotiem, personas datu sa\u0146\u0113m\u0113jiem, k\u0101 ar\u012b Datu subjekta ties\u012bb\u0101m personas datu ieg\u016b\u0161anas [&hellip;]\" \/>\n<meta property=\"og:url\" content=\"https:\/\/leselektro.lv\/en\/privatuma-politika\/\" \/>\n<meta property=\"og:site_name\" content=\"Lielv\u0101rdes Energo Sist\u0113mas\" \/>\n<meta property=\"article:modified_time\" content=\"2023-02-10T17:15:02+00:00\" \/>\n<meta property=\"og:image\" content=\"https:\/\/leselektro.lv\/wp-content\/uploads\/2022\/06\/logo-dark-v2.png\" \/>\n\t<meta property=\"og:image:width\" content=\"1758\" \/>\n\t<meta property=\"og:image:height\" content=\"339\" \/>\n\t<meta property=\"og:image:type\" content=\"image\/png\" \/>\n<meta name=\"twitter:card\" content=\"summary_large_image\" \/>\n<meta name=\"twitter:label1\" content=\"Est. reading time\" \/>\n\t<meta name=\"twitter:data1\" content=\"4 minutes\" \/>\n<script type=\"application\/ld+json\" class=\"yoast-schema-graph\">{\"@context\":\"https:\/\/schema.org\",\"@graph\":[{\"@type\":\"WebPage\",\"@id\":\"https:\/\/leselektro.lv\/privatuma-politika\/\",\"url\":\"https:\/\/leselektro.lv\/privatuma-politika\/\",\"name\":\"Priv\u0101tuma politika - Lielv\u0101rdes Energo Sist\u0113mas\",\"isPartOf\":{\"@id\":\"https:\/\/leselektro.lv\/#website\"},\"primaryImageOfPage\":{\"@id\":\"https:\/\/leselektro.lv\/privatuma-politika\/#primaryimage\"},\"image\":{\"@id\":\"https:\/\/leselektro.lv\/privatuma-politika\/#primaryimage\"},\"thumbnailUrl\":\"https:\/\/leselektro.lv\/wp-content\/uploads\/2022\/06\/logo-dark-v2.png\",\"datePublished\":\"2022-07-05T13:35:12+00:00\",\"dateModified\":\"2023-02-10T17:15:02+00:00\",\"breadcrumb\":{\"@id\":\"https:\/\/leselektro.lv\/privatuma-politika\/#breadcrumb\"},\"inLanguage\":\"en-US\",\"potentialAction\":[{\"@type\":\"ReadAction\",\"target\":[\"https:\/\/leselektro.lv\/privatuma-politika\/\"]}]},{\"@type\":\"ImageObject\",\"inLanguage\":\"en-US\",\"@id\":\"https:\/\/leselektro.lv\/privatuma-politika\/#primaryimage\",\"url\":\"https:\/\/leselektro.lv\/wp-content\/uploads\/2022\/06\/logo-dark-v2.png\",\"contentUrl\":\"https:\/\/leselektro.lv\/wp-content\/uploads\/2022\/06\/logo-dark-v2.png\",\"width\":1758,\"height\":339},{\"@type\":\"BreadcrumbList\",\"@id\":\"https:\/\/leselektro.lv\/privatuma-politika\/#breadcrumb\",\"itemListElement\":[{\"@type\":\"ListItem\",\"position\":1,\"name\":\"Home\",\"item\":\"https:\/\/leselektro.lv\/\"},{\"@type\":\"ListItem\",\"position\":2,\"name\":\"Priv\u0101tuma politika\"}]},{\"@type\":\"WebSite\",\"@id\":\"https:\/\/leselektro.lv\/#website\",\"url\":\"https:\/\/leselektro.lv\/\",\"name\":\"Lielv\u0101rdes Energo Sist\u0113mas\",\"description\":\"\",\"publisher\":{\"@id\":\"https:\/\/leselektro.lv\/#organization\"},\"potentialAction\":[{\"@type\":\"SearchAction\",\"target\":{\"@type\":\"EntryPoint\",\"urlTemplate\":\"https:\/\/leselektro.lv\/?s={search_term_string}\"},\"query-input\":{\"@type\":\"PropertyValueSpecification\",\"valueRequired\":true,\"valueName\":\"search_term_string\"}}],\"inLanguage\":\"en-US\"},{\"@type\":\"Organization\",\"@id\":\"https:\/\/leselektro.lv\/#organization\",\"name\":\"Lielv\u0101rdes Energo Sist\u0113mas\",\"url\":\"https:\/\/leselektro.lv\/\",\"logo\":{\"@type\":\"ImageObject\",\"inLanguage\":\"en-US\",\"@id\":\"https:\/\/leselektro.lv\/#\/schema\/logo\/image\/\",\"url\":\"https:\/\/leselektro.lv\/wp-content\/uploads\/2022\/06\/logo-dark-v2.png\",\"contentUrl\":\"https:\/\/leselektro.lv\/wp-content\/uploads\/2022\/06\/logo-dark-v2.png\",\"width\":1758,\"height\":339,\"caption\":\"Lielv\u0101rdes Energo Sist\u0113mas\"},\"image\":{\"@id\":\"https:\/\/leselektro.lv\/#\/schema\/logo\/image\/\"}}]}<\/script>\n<!-- \/ Yoast SEO plugin. -->","yoast_head_json":{"title":"Priv\u0101tuma politika - Lielv\u0101rdes Energo Sist\u0113mas","robots":{"index":"index","follow":"follow","max-snippet":"max-snippet:-1","max-image-preview":"max-image-preview:large","max-video-preview":"max-video-preview:-1"},"canonical":"https:\/\/leselektro.lv\/en\/privatuma-politika\/","og_locale":"en_US","og_type":"article","og_title":"Priv\u0101tuma politika - Lielv\u0101rdes Energo Sist\u0113mas","og_description":"Priv\u0101tuma politika 1.Priv\u0101tuma politika ir LIELV\u0100RDES ENERGO SIST\u0112MAS, SIA visp\u0101r\u0113j\u0101s Priv\u0101tuma politikas noteikumi, kas izstr\u0101d\u0101ti ar m\u0113r\u0137i sniegt inform\u0101ciju par LIELV\u0100RDES ENERGO SIST\u0112MAS, SIA veikt\u0101s klientu un sadarb\u012bbas&nbsp;partneru personas datu apstr\u0101des nol\u016bkiem, tiesisko pamatu, apjomu, aizsardz\u012bbu, apstr\u0101des un glab\u0101\u0161anas termi\u0146u, personas datu ieguves avotiem, personas datu sa\u0146\u0113m\u0113jiem, k\u0101 ar\u012b Datu subjekta ties\u012bb\u0101m personas datu ieg\u016b\u0161anas [&hellip;]","og_url":"https:\/\/leselektro.lv\/en\/privatuma-politika\/","og_site_name":"Lielv\u0101rdes Energo Sist\u0113mas","article_modified_time":"2023-02-10T17:15:02+00:00","og_image":[{"width":1758,"height":339,"url":"https:\/\/leselektro.lv\/wp-content\/uploads\/2022\/06\/logo-dark-v2.png","type":"image\/png"}],"twitter_card":"summary_large_image","twitter_misc":{"Est. reading time":"4 minutes"},"schema":{"@context":"https:\/\/schema.org","@graph":[{"@type":"WebPage","@id":"https:\/\/leselektro.lv\/privatuma-politika\/","url":"https:\/\/leselektro.lv\/privatuma-politika\/","name":"Priv\u0101tuma politika - Lielv\u0101rdes Energo Sist\u0113mas","isPartOf":{"@id":"https:\/\/leselektro.lv\/#website"},"primaryImageOfPage":{"@id":"https:\/\/leselektro.lv\/privatuma-politika\/#primaryimage"},"image":{"@id":"https:\/\/leselektro.lv\/privatuma-politika\/#primaryimage"},"thumbnailUrl":"https:\/\/leselektro.lv\/wp-content\/uploads\/2022\/06\/logo-dark-v2.png","datePublished":"2022-07-05T13:35:12+00:00","dateModified":"2023-02-10T17:15:02+00:00","breadcrumb":{"@id":"https:\/\/leselektro.lv\/privatuma-politika\/#breadcrumb"},"inLanguage":"en-US","potentialAction":[{"@type":"ReadAction","target":["https:\/\/leselektro.lv\/privatuma-politika\/"]}]},{"@type":"ImageObject","inLanguage":"en-US","@id":"https:\/\/leselektro.lv\/privatuma-politika\/#primaryimage","url":"https:\/\/leselektro.lv\/wp-content\/uploads\/2022\/06\/logo-dark-v2.png","contentUrl":"https:\/\/leselektro.lv\/wp-content\/uploads\/2022\/06\/logo-dark-v2.png","width":1758,"height":339},{"@type":"BreadcrumbList","@id":"https:\/\/leselektro.lv\/privatuma-politika\/#breadcrumb","itemListElement":[{"@type":"ListItem","position":1,"name":"Home","item":"https:\/\/leselektro.lv\/"},{"@type":"ListItem","position":2,"name":"Priv\u0101tuma politika"}]},{"@type":"WebSite","@id":"https:\/\/leselektro.lv\/#website","url":"https:\/\/leselektro.lv\/","name":"Lielv\u0101rdes Energo Sist\u0113mas","description":"","publisher":{"@id":"https:\/\/leselektro.lv\/#organization"},"potentialAction":[{"@type":"SearchAction","target":{"@type":"EntryPoint","urlTemplate":"https:\/\/leselektro.lv\/?s={search_term_string}"},"query-input":{"@type":"PropertyValueSpecification","valueRequired":true,"valueName":"search_term_string"}}],"inLanguage":"en-US"},{"@type":"Organization","@id":"https:\/\/leselektro.lv\/#organization","name":"Lielv\u0101rdes Energo Sist\u0113mas","url":"https:\/\/leselektro.lv\/","logo":{"@type":"ImageObject","inLanguage":"en-US","@id":"https:\/\/leselektro.lv\/#\/schema\/logo\/image\/","url":"https:\/\/leselektro.lv\/wp-content\/uploads\/2022\/06\/logo-dark-v2.png","contentUrl":"https:\/\/leselektro.lv\/wp-content\/uploads\/2022\/06\/logo-dark-v2.png","width":1758,"height":339,"caption":"Lielv\u0101rdes Energo Sist\u0113mas"},"image":{"@id":"https:\/\/leselektro.lv\/#\/schema\/logo\/image\/"}}]}},"_links":{"self":[{"href":"https:\/\/leselektro.lv\/en\/wp-json\/wp\/v2\/pages\/1069","targetHints":{"allow":["GET"]}}],"collection":[{"href":"https:\/\/leselektro.lv\/en\/wp-json\/wp\/v2\/pages"}],"about":[{"href":"https:\/\/leselektro.lv\/en\/wp-json\/wp\/v2\/types\/page"}],"author":[{"embeddable":true,"href":"https:\/\/leselektro.lv\/en\/wp-json\/wp\/v2\/users\/1"}],"replies":[{"embeddable":true,"href":"https:\/\/leselektro.lv\/en\/wp-json\/wp\/v2\/comments?post=1069"}],"version-history":[{"count":43,"href":"https:\/\/leselektro.lv\/en\/wp-json\/wp\/v2\/pages\/1069\/revisions"}],"predecessor-version":[{"id":2249,"href":"https:\/\/leselektro.lv\/en\/wp-json\/wp\/v2\/pages\/1069\/revisions\/2249"}],"wp:featuredmedia":[{"embeddable":true,"href":"https:\/\/leselektro.lv\/en\/wp-json\/wp\/v2\/media\/1968"}],"wp:attachment":[{"href":"https:\/\/leselektro.lv\/en\/wp-json\/wp\/v2\/media?parent=1069"}],"curies":[{"name":"wp","href":"https:\/\/api.w.org\/{rel}","templated":true}]}}